{"id":1477,"date":"2022-02-04T17:47:50","date_gmt":"2022-02-04T17:47:50","guid":{"rendered":"https:\/\/corporate.chili.com\/it\/?page_id=1477"},"modified":"2023-07-17T08:49:59","modified_gmt":"2023-07-17T08:49:59","slug":"chili-group-contatti","status":"publish","type":"page","link":"https:\/\/corporate.chili.com\/it\/chili-group-contatti\/","title":{"rendered":"Contatti"},"content":{"rendered":"\n<div class=\"wp-block-cover alignfull\"><span aria-hidden=\"true\" class=\"wp-block-cover__background has-background-dim-0 has-background-dim\"><\/span><img width=\"4946\" height=\"3220\" class=\"wp-block-cover__image-background wp-image-17318\" alt=\"\" src=\"https:\/\/corporate.chili.com\/it\/wp-content\/uploads\/sites\/2\/2022\/02\/ryan-stone-U3cctUBucn0-unsplash.jpg\" data-object-fit=\"cover\" srcset=\"https:\/\/corporate.chili.com\/it\/wp-content\/uploads\/sites\/2\/2022\/02\/ryan-stone-U3cctUBucn0-unsplash.jpg 4946w, https:\/\/corporate.chili.com\/it\/wp-content\/uploads\/sites\/2\/2022\/02\/ryan-stone-U3cctUBucn0-unsplash-300x195.jpg 300w, https:\/\/corporate.chili.com\/it\/wp-content\/uploads\/sites\/2\/2022\/02\/ryan-stone-U3cctUBucn0-unsplash-1024x667.jpg 1024w\" sizes=\"(max-width: 4946px) 100vw, 4946px\" \/><div class=\"wp-block-cover__inner-container\">\n<p class=\"has-text-align-center mob-title\" style=\"font-size:70px\"><strong>CONTATTI<\/strong><\/p>\n<\/div><\/div>\n\n\n\n<div style=\"height:1em\" aria-hidden=\"true\" class=\"wp-block-spacer\"><\/div>\n\n\n\n\n\n<div style=\"height:2em\" aria-hidden=\"true\" class=\"wp-block-spacer\"><\/div>\n\n\n\n<div class=\"wp-container-3 wp-block-columns\">\n<div class=\"wp-container-1 wp-block-column\">\n<h4 id=\"chili-servizio-clienti\">CHILI <strong>Servizio Clienti<\/strong><\/h4>\n\n\n\n<p>Per richieste di supporto potete usare l&#8217;apposito modulo di contatto<br><strong><a href=\"https:\/\/assistenza.chili.com\/hc\/it\/requests\/new\">modulo di contatto<\/a><\/strong><\/p>\n\n\n\n<h4 id=\"chili-tech\"><strong>CHILI Tech<\/strong><\/h4>\n\n\n\n<p>Per&nbsp;informazioni su sviluppo e gestione di piattaforme OTT e Vertical TV<br><a href=\"mailto:chilitech@chili.com\"><strong>chilitech@chili.com<\/strong><\/a><\/p>\n\n\n\n<h4 id=\"chili-agency\"><strong>CHILI Agency<\/strong><\/h4>\n\n\n\n<p>Per informazioni su&nbsp;attivit\u00e0 di promozione e comunicazione<br><a href=\"mailto:chiliagency@chili.com\"><strong>chiliagency@chili.com<\/strong><\/a><\/p>\n\n\n\n<h4 id=\"chili-agency\"><strong>CHILI Media<\/strong><\/h4>\n\n\n\n<p>Per informazioni su&nbsp;attivit\u00e0 media<br><a href=\"mailto:chilimedia@chili.com\"><strong>chilimedia@chili.com<\/strong><\/a><\/p>\n\n\n\n<h4 id=\"stampa\"><strong>Stampa<\/strong><\/h4>\n\n\n\n<p>Per informazioni sull&#8217;azienda e contatti stampa<br><a href=\"mailto:press@chili.com\"><strong>press@chili.com<\/strong><\/a><\/p>\n\n\n\n<h4 id=\"attivita-editoriali\"><strong>Attivit\u00e0 Editoriali<\/strong><\/h4>\n\n\n\n<p>Per informazioni sui contenuti potete contattare<br><a href=\"mailto:acquisition@chili.com\"><strong>acquisition@chili.com<\/strong><\/a><\/p>\n<\/div>\n\n\n\n<div class=\"wp-container-2 wp-block-column\">\n<div class=\"wp-block-uagb-google-map uagb-google-map__wrap uagb-block-43c5489a\"><\/div>\n<\/div>\n<\/div>\n\n\n\n<div style=\"height:3em\" aria-hidden=\"true\" class=\"wp-block-spacer\"><\/div>\n","protected":false},"excerpt":{"rendered":"<p>CHILI Servizio Clienti Per richieste di supporto potete usare l&#8217;apposito modulo di contattomodulo di contatto CHILI Tech Per&nbsp;informazioni su sviluppo e gestione di piattaforme OTT e Vertical TVchilitech@chili.com CHILI Agency Per informazioni su&nbsp;attivit\u00e0 di promozione e comunicazionechiliagency@chili.com CHILI Media Per informazioni su&nbsp;attivit\u00e0 mediachilimedia@chili.com Stampa Per informazioni sull&#8217;azienda e contatti stampapress@chili.com Attivit\u00e0 Editoriali Per informazioni sui&hellip;&nbsp;<a href=\"https:\/\/corporate.chili.com\/it\/chili-group-contatti\/\" class=\"\" rel=\"bookmark\">Leggi tutto &raquo;<span class=\"screen-reader-text\">Contatti<\/span><\/a><\/p>\n","protected":false},"author":1,"featured_media":562,"parent":0,"menu_order":0,"comment_status":"closed","ping_status":"closed","template":"","meta":{"inline_featured_image":false,"neve_meta_sidebar":"","neve_meta_container":"contained","neve_meta_enable_content_width":"off","neve_meta_content_width":75,"neve_meta_title_alignment":"","neve_meta_author_avatar":"","neve_post_elements_order":"","neve_meta_disable_header":"","neve_meta_disable_footer":"","neve_meta_disable_title":"on","neve_meta_reading_time":"","_themeisle_gutenberg_block_has_review":false},"acf":[],"_links":{"self":[{"href":"https:\/\/corporate.chili.com\/it\/wp-json\/wp\/v2\/pages\/1477"}],"collection":[{"href":"https:\/\/corporate.chili.com\/it\/wp-json\/wp\/v2\/pages"}],"about":[{"href":"https:\/\/corporate.chili.com\/it\/wp-json\/wp\/v2\/types\/page"}],"author":[{"embeddable":true,"href":"https:\/\/corporate.chili.com\/it\/wp-json\/wp\/v2\/users\/1"}],"replies":[{"embeddable":true,"href":"https:\/\/corporate.chili.com\/it\/wp-json\/wp\/v2\/comments?post=1477"}],"version-history":[{"count":27,"href":"https:\/\/corporate.chili.com\/it\/wp-json\/wp\/v2\/pages\/1477\/revisions"}],"predecessor-version":[{"id":19691,"href":"https:\/\/corporate.chili.com\/it\/wp-json\/wp\/v2\/pages\/1477\/revisions\/19691"}],"wp:featuredmedia":[{"embeddable":true,"href":"https:\/\/corporate.chili.com\/it\/wp-json\/wp\/v2\/media\/562"}],"wp:attachment":[{"href":"https:\/\/corporate.chili.com\/it\/wp-json\/wp\/v2\/media?parent=1477"}],"curies":[{"name":"wp","href":"https:\/\/api.w.org\/{rel}","templated":true}]}}