{"id":18091,"date":"2022-04-20T13:54:33","date_gmt":"2022-04-20T13:54:33","guid":{"rendered":"https:\/\/corporate.chili.com\/it\/?page_id=18091"},"modified":"2025-11-17T13:49:29","modified_gmt":"2025-11-17T13:49:29","slug":"chi-siamo-chili-group-la-nostra-storia-piattaforma-streaming","status":"publish","type":"page","link":"https:\/\/corporate.chili.com\/it\/chi-siamo-chili-group-la-nostra-storia-piattaforma-streaming\/","title":{"rendered":"Chi Siamo"},"content":{"rendered":"\n<div id=\"wp-block-themeisle-blocks-advanced-columns-442f6509\" class=\"wp-block-themeisle-blocks-advanced-columns alignfull has-1-columns has-desktop-equal-layout has-tablet-equal-layout has-mobile-equal-layout has-vertical-unset\"><div class=\"wp-block-themeisle-blocks-advanced-columns-overlay\"><\/div><div class=\"innerblocks-wrap\">\n<div id=\"wp-block-themeisle-blocks-advanced-column-a9bb80cb\" class=\"wp-block-themeisle-blocks-advanced-column\">\n<div class=\"wp-block-cover alignfull has-custom-content-position is-position-bottom-left cover-titolo-pagina ticss-899cf4bd\" style=\"min-height:500px\"><span aria-hidden=\"true\" class=\"wp-block-cover__background has-background-dim-0 has-background-dim\"><\/span><img width=\"2500\" height=\"1406\" class=\"wp-block-cover__image-background wp-image-19716\" alt=\"\" src=\"https:\/\/corporate.chili.com\/it\/wp-content\/uploads\/sites\/2\/2023\/07\/Cubo_Backup.jpg\" style=\"object-position:38% 30%\" data-object-fit=\"cover\" data-object-position=\"38% 30%\" srcset=\"https:\/\/corporate.chili.com\/it\/wp-content\/uploads\/sites\/2\/2023\/07\/Cubo_Backup.jpg 2500w, https:\/\/corporate.chili.com\/it\/wp-content\/uploads\/sites\/2\/2023\/07\/Cubo_Backup-300x169.jpg 300w, https:\/\/corporate.chili.com\/it\/wp-content\/uploads\/sites\/2\/2023\/07\/Cubo_Backup-1024x576.jpg 1024w, https:\/\/corporate.chili.com\/it\/wp-content\/uploads\/sites\/2\/2023\/07\/Cubo_Backup-1100x619.jpg 1100w, https:\/\/corporate.chili.com\/it\/wp-content\/uploads\/sites\/2\/2023\/07\/Cubo_Backup-2200x1238.jpg 2200w\" sizes=\"(max-width: 2500px) 100vw, 2500px\" \/><div class=\"wp-block-cover__inner-container\">\n<div class=\"wp-container-1 wp-block-group gruppo-titolo\"><div class=\"wp-block-group__inner-container\">\n<h2 class=\"ticss-38fb979f\" style=\"font-size:5em\"><\/h2>\n<\/div><\/div>\n<\/div><\/div>\n<\/div>\n<\/div><\/div>\n\n\n\n\n\n<div style=\"height:60px\" aria-hidden=\"true\" class=\"wp-block-spacer\"><\/div>\n\n\n\n<h2 class=\"titolo-sottolineato\" style=\"font-size:3em\">LA STORIA<\/h2>\n\n\n\n<div id=\"wp-block-themeisle-blocks-advanced-columns-5d47e923\" class=\"wp-block-themeisle-blocks-advanced-columns has-2-columns has-desktop-oneTwo-layout has-tablet-equal-layout has-mobile-collapsedRows-layout has-vertical-center\"><div class=\"wp-block-themeisle-blocks-advanced-columns-overlay\"><\/div><div class=\"innerblocks-wrap\">\n<div id=\"wp-block-themeisle-blocks-advanced-column-b19fbdc7\" class=\"wp-block-themeisle-blocks-advanced-column\">\n<h2 class=\"has-text-align-center has-x-large-font-size\">2012<\/h2>\n<\/div>\n\n\n\n<div id=\"wp-block-themeisle-blocks-advanced-column-9c3e5b52\" class=\"wp-block-themeisle-blocks-advanced-column\">\n<p>CHILI \u00e8 stata fondata in Italia nel giugno 2012 da Giorgio Tacchia e Stefano Parisi con l\u2019obiettivo di rilasciare la prima piattaforma transazionale in Italia per accedere on demand (TVOD) a film e serie TV. <\/p>\n<\/div>\n<\/div><\/div>\n\n\n\n<div id=\"wp-block-themeisle-blocks-advanced-columns-88c7e4d3\" class=\"nv-cv-m wp-block-themeisle-blocks-advanced-columns has-2-columns has-desktop-oneTwo-layout has-tablet-equal-layout has-mobile-collapsedRows-layout has-vertical-center\"><div class=\"wp-block-themeisle-blocks-advanced-columns-overlay\"><\/div><div class=\"innerblocks-wrap\">\n<div id=\"wp-block-themeisle-blocks-advanced-column-4a01a46b\" class=\"wp-block-themeisle-blocks-advanced-column\">\n<h2 class=\"has-text-align-center has-x-large-font-size\">2014<\/h2>\n<\/div>\n\n\n\n<div id=\"wp-block-themeisle-blocks-advanced-column-9366974e\" class=\"wp-block-themeisle-blocks-advanced-column\">\n<p>Grazie al successo riscontrato, dal 2014 ha esteso la sua offerta anche in Austria, Polonia, Germania e Inghilterra raggiungendo nel 2021 5 milioni di utenti registrati.<br>Tra gli azionisti della societ\u00e0 vi sono anche gli Studios americani: Warner Bros, Disney (tramite investimento realizzato da 20th CenturyFox), Sony Pictures, Paramount Pictures e Viacom.<\/p>\n<\/div>\n<\/div><\/div>\n\n\n\n<div id=\"wp-block-themeisle-blocks-advanced-columns-a08cb9e7\" class=\"nv-cv-m wp-block-themeisle-blocks-advanced-columns has-2-columns has-desktop-oneTwo-layout has-tablet-equal-layout has-mobile-collapsedRows-layout has-vertical-center\"><div class=\"wp-block-themeisle-blocks-advanced-columns-overlay\"><\/div><div class=\"innerblocks-wrap\">\n<div id=\"wp-block-themeisle-blocks-advanced-column-8ec371e2\" class=\"wp-block-themeisle-blocks-advanced-column\">\n<h2 class=\"has-text-align-center has-x-large-font-size\">2018<\/h2>\n<\/div>\n\n\n\n<div id=\"wp-block-themeisle-blocks-advanced-column-b1c26cb2\" class=\"wp-block-themeisle-blocks-advanced-column\">\n<p>Dal 2018 CHILI ha aggiornato il proprio servizio rilasciando il primo e unico marketplace dell\u2019intrattenimento: un\u2019esperienza olistica in un ambiente in cui streaming in altissima qualit\u00e0 fino a 8KHDR, merchandise, DVD e Blu-ray e notizie convivono regalando agli utenti una destinazione unica per godersi i loro contenuti preferiti.<\/p>\n<\/div>\n<\/div><\/div>\n\n\n\n<div id=\"wp-block-themeisle-blocks-advanced-columns-92094e68\" class=\"nv-cv-d nv-cv-m wp-block-themeisle-blocks-advanced-columns has-2-columns has-desktop-oneTwo-layout has-tablet-equal-layout has-mobile-collapsedRows-layout has-vertical-center\"><div class=\"wp-block-themeisle-blocks-advanced-columns-overlay\"><\/div><div class=\"innerblocks-wrap\">\n<div id=\"wp-block-themeisle-blocks-advanced-column-40a6abbb\" class=\"wp-block-themeisle-blocks-advanced-column\">\n<h2 class=\"has-text-align-center has-x-large-font-size\">2020<\/h2>\n<\/div>\n\n\n\n<div id=\"wp-block-themeisle-blocks-advanced-column-06696be6\" class=\"wp-block-themeisle-blocks-advanced-column\">\n<p>Da ottobre 2020 CHILI ha arricchito il servizio con l\u2019AVOD (Advertising Video On Demand) aggiungendo un\u2019ulteriore selezione di film gratis con pubblicit\u00e0.<br>Nel mese di dicembre 2020, CHILI, grazie alle sue competenze tecnico-commerciali, \u00e8 stata selezionata come partner industriale per la realizzazione di una Joint Venture con Cassa Depositi e Prestiti ed il sostegno del MiBACT per sviluppare e gestire una piattaforma funzionale alla distribuzione della cultura italiana nel mondo. <\/p>\n<\/div>\n<\/div><\/div>\n\n\n\n<div id=\"wp-block-themeisle-blocks-advanced-columns-757a30e7\" class=\"nv-cv-d nv-cv-m wp-block-themeisle-blocks-advanced-columns has-2-columns has-desktop-oneTwo-layout has-tablet-equal-layout has-mobile-collapsedRows-layout has-vertical-center\"><div class=\"wp-block-themeisle-blocks-advanced-columns-overlay\"><\/div><div class=\"innerblocks-wrap\">\n<div id=\"wp-block-themeisle-blocks-advanced-column-fc8f8484\" class=\"wp-block-themeisle-blocks-advanced-column\">\n<h2 class=\"has-text-align-center has-x-large-font-size\">2021<\/h2>\n<\/div>\n\n\n\n<div id=\"wp-block-themeisle-blocks-advanced-column-d956b72a\" class=\"wp-block-themeisle-blocks-advanced-column\">\n<p>Nel 2021 viene lanciata la piattaforma ITsART.<br>Nasce il Gruppo CHILI, composto da cinque divisioni: CHILI, CHILI TECH, CHILI AGENCY, CHILI MEDIA e HOT CORN.Nel mese di dicembre 2021 CHILI e TTT siglano un accordo per una partnership pluriennale strategica.<\/p>\n<\/div>\n<\/div><\/div>\n\n\n\n<div id=\"wp-block-themeisle-blocks-advanced-columns-9e61486e\" class=\"nv-cv-d nv-cv-m wp-block-themeisle-blocks-advanced-columns has-2-columns has-desktop-oneTwo-layout has-tablet-equal-layout has-mobile-collapsedRows-layout has-vertical-center\"><div class=\"wp-block-themeisle-blocks-advanced-columns-overlay\"><\/div><div class=\"innerblocks-wrap\">\n<div id=\"wp-block-themeisle-blocks-advanced-column-ed6ccfc6\" class=\"wp-block-themeisle-blocks-advanced-column\">\n<h2 class=\"has-text-align-center has-x-large-font-size\">2022<\/h2>\n<\/div>\n\n\n\n<div id=\"wp-block-themeisle-blocks-advanced-column-33253c39\" class=\"wp-block-themeisle-blocks-advanced-column\">\n<p>Nasce una nuova collaborazione tra CHILI e Coinbar. Dal 15 Giugno 2022 CHILI si impegna ad accettare pagamenti in criptovalute, sia da utenti che da aziende che vorranno acquistare spazi pubblicitari. <br>CHILI \u00e8 la prima piattaforma di streaming in Europa ad accettare pagamenti in crypto dagli utenti.<\/p>\n<\/div>\n<\/div><\/div>\n\n\n\n<div id=\"wp-block-themeisle-blocks-advanced-columns-40ee0e3e\" class=\"nv-cv-d nv-cv-m wp-block-themeisle-blocks-advanced-columns has-2-columns has-desktop-oneTwo-layout has-tablet-equal-layout has-mobile-collapsedRows-layout has-vertical-center\"><div class=\"wp-block-themeisle-blocks-advanced-columns-overlay\"><\/div><div class=\"innerblocks-wrap\">\n<div id=\"wp-block-themeisle-blocks-advanced-column-4245942c\" class=\"wp-block-themeisle-blocks-advanced-column\">\n<h2 class=\"has-text-align-center has-x-large-font-size\">2024<\/h2>\n<\/div>\n\n\n\n<div id=\"wp-block-themeisle-blocks-advanced-column-84866af1\" class=\"wp-block-themeisle-blocks-advanced-column\">\n<p>CHILI avvia la Composizione Negoziata della Crisi, un percorso di riorganizzazione volto a rafforzare struttura, processi e sostenibilit\u00e0 operativa. Questa fase permette di ottimizzare gli asset tecnologici, consolidare le partnership e preparare il rilancio della piattaforma in un mercato sempre pi\u00f9 competitivo.<\/p>\n<\/div>\n<\/div><\/div>\n\n\n\n<div id=\"wp-block-themeisle-blocks-advanced-columns-40ee0e3e\" class=\"nv-cv-d nv-cv-m wp-block-themeisle-blocks-advanced-columns has-2-columns has-desktop-oneTwo-layout has-tablet-equal-layout has-mobile-collapsedRows-layout has-vertical-center\"><div class=\"wp-block-themeisle-blocks-advanced-columns-overlay\"><\/div><div class=\"innerblocks-wrap\">\n<div id=\"wp-block-themeisle-blocks-advanced-column-4245942c\" class=\"wp-block-themeisle-blocks-advanced-column\">\n<h2 class=\"has-text-align-center has-x-large-font-size\">2025<\/h2>\n<\/div>\n\n\n\n<div id=\"wp-block-themeisle-blocks-advanced-column-84866af1\" class=\"wp-block-themeisle-blocks-advanced-column\">\n<p>La CNC si conclude con successo, aprendo una nuova fase di crescita. CHILI avvia un piano di rilancio focalizzato sull&#8217;attivit\u00e0 core di distribuzione cinematografica digitale, sull\u2019espansione del catalogo e sul consolidamento delle relazioni con i principali distributori italiani e internazionali, confermando la volont\u00e0 di innovare e competere a livello internazionale.<br>A sostegno del piano industriale, CHILI pu\u00f2 contare su una nuova compagine azionaria e sulla continuit\u00e0 del management che ha guidato l\u2019azienda durante il complesso percorso di ristrutturazione. Roberto De Piano, Amministratore Delegato, continuer\u00e0 ad avere la responsabilit\u00e0 del business e della gestione operativa.<\/p>\n<\/div>\n<\/div><\/div>\n\n\n\n<div id=\"wp-block-themeisle-blocks-advanced-columns-b4980bc0\" class=\"nv-cv-d nv-cv-m wp-block-themeisle-blocks-advanced-columns has-1-columns has-desktop-equal-layout has-tablet-equal-layout has-mobile-collapsedRows-layout has-vertical-top\"><div class=\"wp-block-themeisle-blocks-advanced-columns-overlay\"><\/div><div class=\"innerblocks-wrap\">\n<div id=\"wp-block-themeisle-blocks-advanced-column-3ee12b75\" class=\"wp-block-themeisle-blocks-advanced-column\"><video\n    playsinline\n    crossorigin=\"anonymous\"\n    id=\"my-video\"\n    class=\"video-js vjs-16-9\"\n    controls\n    preload=\"auto\"\n    poster=\"https:\/\/corporate.chili.com\/it\/wp-content\/uploads\/sites\/2\/2022\/04\/Cubo_CHILIGROUP_4-1.jpg\"\n    data-setup=\"{}\"\n  >\n  <source src=\"https:\/\/cdn.chili.com\/videos\/2022-02-11-chili_corporate.mp4\" type=\"video\/mp4\"><\/source>\n    <p class=\"vjs-no-js\">\n      Per vedere questo video abilita Javascript, ed eventualmente aggiorna il tuo browser per\n      <a href=\"https:\/\/videojs.com\/html5-video-support\/\" target=\"_blank\"\n        >supportare video HTML5<\/a\n      >\n    <\/p>\n  <\/video><\/div>\n<\/div><\/div>\n\n\n\n<div style=\"height:60px\" aria-hidden=\"true\" class=\"wp-block-spacer\"><\/div>\n","protected":false},"excerpt":{"rendered":"<p>LA STORIA<\/p>\n","protected":false},"author":1,"featured_media":562,"parent":0,"menu_order":0,"comment_status":"closed","ping_status":"closed","template":"","meta":{"inline_featured_image":false,"neve_meta_sidebar":"","neve_meta_container":"","neve_meta_enable_content_width":"","neve_meta_content_width":0,"neve_meta_title_alignment":"","neve_meta_author_avatar":"","neve_post_elements_order":"","neve_meta_disable_header":"","neve_meta_disable_footer":"","neve_meta_disable_title":"on","neve_meta_reading_time":"","_themeisle_gutenberg_block_has_review":false},"acf":[],"_links":{"self":[{"href":"https:\/\/corporate.chili.com\/it\/wp-json\/wp\/v2\/pages\/18091"}],"collection":[{"href":"https:\/\/corporate.chili.com\/it\/wp-json\/wp\/v2\/pages"}],"about":[{"href":"https:\/\/corporate.chili.com\/it\/wp-json\/wp\/v2\/types\/page"}],"author":[{"embeddable":true,"href":"https:\/\/corporate.chili.com\/it\/wp-json\/wp\/v2\/users\/1"}],"replies":[{"embeddable":true,"href":"https:\/\/corporate.chili.com\/it\/wp-json\/wp\/v2\/comments?post=18091"}],"version-history":[{"count":33,"href":"https:\/\/corporate.chili.com\/it\/wp-json\/wp\/v2\/pages\/18091\/revisions"}],"predecessor-version":[{"id":21791,"href":"https:\/\/corporate.chili.com\/it\/wp-json\/wp\/v2\/pages\/18091\/revisions\/21791"}],"wp:featuredmedia":[{"embeddable":true,"href":"https:\/\/corporate.chili.com\/it\/wp-json\/wp\/v2\/media\/562"}],"wp:attachment":[{"href":"https:\/\/corporate.chili.com\/it\/wp-json\/wp\/v2\/media?parent=18091"}],"curies":[{"name":"wp","href":"https:\/\/api.w.org\/{rel}","templated":true}]}}