{"id":308,"date":"2020-01-13T11:17:52","date_gmt":"2020-01-13T11:17:52","guid":{"rendered":"https:\/\/demosites.io\/web-agency-gb\/?page_id=5"},"modified":"2023-07-26T09:33:45","modified_gmt":"2023-07-26T09:33:45","slug":"home-chili-group","status":"publish","type":"page","link":"https:\/\/corporate.chili.com\/it\/","title":{"rendered":"Home"},"content":{"rendered":"\n<div id=\"wp-block-themeisle-blocks-advanced-columns-3b3702b5\" class=\"wp-block-themeisle-blocks-advanced-columns alignfull has-1-columns has-desktop-equal-layout has-tablet-equal-layout has-mobile-equal-layout has-vertical-unset\"><div class=\"wp-block-themeisle-blocks-advanced-columns-overlay\"><\/div><div class=\"innerblocks-wrap\">\n<div id=\"wp-block-themeisle-blocks-advanced-column-491168e8\" class=\"wp-block-themeisle-blocks-advanced-column chili-raibow-bar\">\n<div class=\"wp-block-cover alignfull has-custom-content-position is-position-bottom-left ticss-d398b1a7 animated fadeIn faster\" style=\"min-height:637px\"><span aria-hidden=\"true\" class=\"wp-block-cover__background has-background-dim-0 has-background-dim\"><\/span><img width=\"2500\" height=\"1406\" class=\"wp-block-cover__image-background wp-image-19721\" alt=\"\" src=\"https:\/\/corporate.chili.com\/it\/wp-content\/uploads\/sites\/2\/2023\/07\/Cubo_Backup-1.jpg\" data-object-fit=\"cover\" srcset=\"https:\/\/corporate.chili.com\/it\/wp-content\/uploads\/sites\/2\/2023\/07\/Cubo_Backup-1.jpg 2500w, https:\/\/corporate.chili.com\/it\/wp-content\/uploads\/sites\/2\/2023\/07\/Cubo_Backup-1-300x169.jpg 300w, https:\/\/corporate.chili.com\/it\/wp-content\/uploads\/sites\/2\/2023\/07\/Cubo_Backup-1-1024x576.jpg 1024w, https:\/\/corporate.chili.com\/it\/wp-content\/uploads\/sites\/2\/2023\/07\/Cubo_Backup-1-1100x619.jpg 1100w, https:\/\/corporate.chili.com\/it\/wp-content\/uploads\/sites\/2\/2023\/07\/Cubo_Backup-1-2200x1238.jpg 2200w\" sizes=\"(max-width: 2500px) 100vw, 2500px\" \/><div class=\"wp-block-cover__inner-container\">\n<h2 class=\"alignwide ticss-052f6cf8\" style=\"font-size:4em\"><\/h2>\n<\/div><\/div>\n<\/div>\n<\/div><\/div>\n\n\n\n<div style=\"height:4rem\" aria-hidden=\"true\" class=\"wp-block-spacer\"><\/div>\n\n\n\n<h1 class=\"has-text-align-left\" style=\"font-size:60px\">IL GRUPPO CHILI<\/h1>\n\n\n\n<p class=\"has-text-align-left\">Con oltre 5 milioni di utenti, il GRUPPO CHILI si posiziona tra le principali realt\u00e0 in ambito media e intrattenimento in Europa.<\/p>\n\n\n\n<p class=\"has-text-align-left\">Il Gruppo si compone di 5 divisioni specializzate nella gestione di progetti B2C e B2B: dallo streaming video alla realizzazione di piattaforme OTT, dalla gestione di attivit\u00e0 promozionali alla strategia e alla pianificazione media, per arrivare fino ad attivit\u00e0 editoriali che coinvolgono personaggi di spicco,  eventi e manifestazioni legati al mondo del cinema e dell&#8217;intrattenimento.<\/p>\n\n\n\n<p class=\"has-text-align-left\"><strong>Le nostre realt\u00e0:<\/strong><\/p>\n\n\n\n<div style=\"height:49px\" aria-hidden=\"true\" class=\"wp-block-spacer\"><\/div>\n\n\n<div class=\"chili-brands elementi-5 brands-slider-1406610103\"><div class=\"chili-brands\"><a class=\"chili-brand brand-arrotondato sfondo is-style-rounded wp-block-image\" href=\"https:\/\/corporate.chili.com\/it\/chi-siamo-chili-group-la-nostra-storia-piattaforma-streaming\/chili-piattaforma-streaming-chi-siamo\/\" style=\"background-image:url(https:\/\/corporate.chili.com\/it\/wp-content\/uploads\/sites\/2\/2022\/05\/CHILI-1.jpg)\"><\/a><\/div><div class=\"chili-brands\"><a class=\"chili-brand brand-arrotondato sfondo is-style-rounded wp-block-image\" href=\"https:\/\/corporate.chili.com\/it\/chi-siamo-chili-group-la-nostra-storia-piattaforma-streaming\/chili-tech-streaming-ott-sviluppo-customer-data-platform\/\" style=\"background-image:url(https:\/\/corporate.chili.com\/it\/wp-content\/uploads\/sites\/2\/2022\/05\/CHILI-TECH-1.jpg)\"><\/a><\/div><div class=\"chili-brands\"><a class=\"chili-brand brand-arrotondato sfondo is-style-rounded wp-block-image\" href=\"https:\/\/corporate.chili.com\/it\/chi-siamo-chili-group-la-nostra-storia-piattaforma-streaming\/chili-agency-strategie-multicanale-branded-entertainment\/\" style=\"background-image:url(https:\/\/corporate.chili.com\/it\/wp-content\/uploads\/sites\/2\/2022\/05\/CHILI-AGENCY-1.jpg)\"><\/a><\/div><div class=\"chili-brands\"><a class=\"chili-brand brand-arrotondato sfondo is-style-rounded wp-block-image\" href=\"https:\/\/corporate.chili.com\/it\/chi-siamo-chili-group-la-nostra-storia-piattaforma-streaming\/chili-media-data-driven-advertising-solutions\/\" style=\"background-image:url(https:\/\/corporate.chili.com\/it\/wp-content\/uploads\/sites\/2\/2022\/05\/CHILI-MEDIA-1.jpg)\"><\/a><\/div><div class=\"chili-brands\"><a class=\"chili-brand brand-arrotondato sfondo is-style-rounded wp-block-image\" href=\"https:\/\/corporate.chili.com\/it\/?page_id=18117\" style=\"background-image:url()\"><\/a><\/div><\/div><script type='module'>\n    document.addEventListener('DOMContentLoaded', () => {\n      var slider = tns({\n        container: '.brands-slider-1406610103',\n        items: 1,\n        slideBy: 'page',\n        preventScrollOnTouch: 'auto',\n        swipeAngle: 50,\n        mouseDrag: true,\n        nav: false,\n        controls: false,\n        speed: 200,\n        fixedWidth: 200,\n        gutter: 20,\n        responsive: {\n          900: {\n            disable: true,\n          }\n        }\n      });\n    });\n  <\/script>\n\n\n<div style=\"height:85px\" aria-hidden=\"true\" class=\"wp-block-spacer\"><\/div>\n\n\n\n  <div class=\"wp-block-cover featured-chili alignfull\">\n    <div class=\"wp-block-cover__inner-container\">\n      <div class=\"wp-block-columns are-vertically-aligned-center alignfull\">\n        <div class=\"img-container\">\n          <div class=\"barra-obliqua-desk\"><\/div>\n          <figure class=\"wp-block-image size-large\">\n            <img width=\"1100\" height=\"619\" src=\"https:\/\/corporate.chili.com\/it\/wp-content\/uploads\/sites\/2\/2022\/02\/AdobeStock_433760081-1100x619.jpeg\" class=\"attachment-news size-news\" alt=\"\" srcset=\"https:\/\/corporate.chili.com\/it\/wp-content\/uploads\/sites\/2\/2022\/02\/AdobeStock_433760081-1100x619.jpeg 1100w, https:\/\/corporate.chili.com\/it\/wp-content\/uploads\/sites\/2\/2022\/02\/AdobeStock_433760081-2200x1238.jpeg 2200w\" sizes=\"(max-width: 1100px) 100vw, 1100px\" \/>          <\/figure>                      \n          <div class=\"barra-obliqua\"><\/div>\n        <\/div>\n\n        <div class=\"wp-block-column is-vertically-aligned-center testo-container\" style=\"flex-basis:50%;\">\n          <div style=\"height:20px\" aria-hidden=\"true\" class=\"wp-block-spacer\"><\/div>\n          <h2 class=\"has-text-align-left has-neve-text-color-color has-text-color\"\">I nostri valori, la nostra forza<\/h2>\n          <p class=\"has-text-align-left has-neve-text-color-color has-text-color\" style=\"font-size:17px\">Un ecosistema di servizi che fonda il proprio business sul mondo del cinema e dell&#8217;intrattenimento: questo \u00e8 il Gruppo CHILI. Riuniamo competenze e talenti in grado di offrire soluzioni a 360\u00b0 e attribuiamo un grande valore all\u2019eccellenza operativa e all\u2019innovazione.  Quello di CHILI \u00e8 un ambiente multiculturale e multifunzionale, aperto a nuove idee ed allo stesso tempo fedele al proprio DNA. Proprio da questo traiamo la nostra eccezionalit\u00e0: in un mercato sempre pi\u00f9 frammentato e complesso, siamo orgogliosi di rappresentare una realt\u00e0 imprenditoriale integrata e completa.<\/p>\n          <div class=\"wp-container-61f40b7e2be88 wp-block-buttons\">\n            <div class=\"wp-block-button is-style-primary\">\n              <a class=\"wp-block-button__link\" href=\"https:\/\/corporate.chili.com\/it\/chi-siamo-chili-group-la-nostra-storia-piattaforma-streaming\/\">La nostra storia<\/a>            <\/div>\n          <\/div>\n        <\/div>\n          \n      <\/div>\n    <\/div>\n  <\/div>\n\n  \n\n\n<div style=\"height:4rem\" aria-hidden=\"true\" class=\"wp-block-spacer\"><\/div>\n\n\n\n<h1 class=\"has-text-align-center mob-title\" style=\"font-size:70px\">NEWSROOM<\/h1>\n\n\n\n<div id=\"wp-block-themeisle-blocks-advanced-columns-9886f1ae\" class=\"wp-block-themeisle-blocks-advanced-columns alignfull has-1-columns has-desktop-equal-layout has-tablet-equal-layout has-mobile-equal-layout has-vertical-unset ticss-9886f1ae news-ristrette\"><div class=\"wp-block-themeisle-blocks-advanced-columns-overlay\"><\/div><div class=\"innerblocks-wrap\">\n<div id=\"wp-block-themeisle-blocks-advanced-column-da93d93d\" class=\"wp-block-themeisle-blocks-advanced-column\">\n<div class=\"wp-container-2 wp-block-group\"><div class=\"wp-block-group__inner-container\"><div class=\"nv-index-posts facetwp-template chili-news\"><div class=\"posts-wrapper row posts-slider-2102701141\">        <article id=\"post-19959\" class=\"post-19959 post format-standard hentry layout-grid press-row-4\">\n           <div class=\"article-content-col\">\n             <div class=\"content\">\n                            <div class=\"nv-post-thumbnail-wrap\"><a href=\"https:\/\/corporate.chili.com\/it\/newsroom\/chili-streaming-piattaforma-fastchannel-smart-tv-webos-lg\/\" rel=\"bookmark\" title=\"CHILI espande la sua presenza su Smart TV con il programma WEE di LG (webOS Expansion)\"><img width=\"1100\" height=\"619\" src=\"https:\/\/corporate.chili.com\/it\/wp-content\/uploads\/sites\/2\/2023\/10\/LG-WEE-Program-1_02-1100x619.jpg\" class=\"attachment-news size-news wp-post-image\" alt=\"CHILI Smart Tv LG\" loading=\"lazy\" srcset=\"https:\/\/corporate.chili.com\/it\/wp-content\/uploads\/sites\/2\/2023\/10\/LG-WEE-Program-1_02-1100x619.jpg 1100w, https:\/\/corporate.chili.com\/it\/wp-content\/uploads\/sites\/2\/2023\/10\/LG-WEE-Program-1_02-2200x1238.jpg 2200w\" sizes=\"(max-width: 1100px) 100vw, 1100px\" \/><\/a><\/div> \n                            <h2 class=\"blog-entry-title entry-title\">\n                <a class=\"news-title\" href=\"https:\/\/corporate.chili.com\/it\/newsroom\/chili-streaming-piattaforma-fastchannel-smart-tv-webos-lg\/\" rel=\"bookmark\">CHILI espande la sua presenza su Smart TV con il programma WEE di LG (webOS Expansion)<\/a>\n              <\/h2>\n              <div class=\"blog-entry-continue\">\n                <a href=\"https:\/\/corporate.chili.com\/it\/newsroom\/chili-streaming-piattaforma-fastchannel-smart-tv-webos-lg\/\">Leggi tutto \u2192<\/a>\n              <\/div>\n             <\/div>\n           <\/div>\n         <\/article>\n                <article id=\"post-19921\" class=\"post-19921 post format-standard hentry layout-grid press-row-4\">\n           <div class=\"article-content-col\">\n             <div class=\"content\">\n                            <div class=\"nv-post-thumbnail-wrap\"><a href=\"https:\/\/corporate.chili.com\/it\/newsroom\/xiaomi-tv-chili-fast-channel-gratis\/\" rel=\"bookmark\" title=\"Xiaomi TV+ arricchisce l&#8217;esperienza di intrattenimento con i canali CHILI\"><img width=\"1100\" height=\"619\" src=\"https:\/\/corporate.chili.com\/it\/wp-content\/uploads\/sites\/2\/2023\/10\/Immagine_1920x1080_XIAOMI-1100x619.jpg\" class=\"attachment-news size-news wp-post-image\" alt=\"CHILI FAST Channel su Xiaomi TV+\" loading=\"lazy\" srcset=\"https:\/\/corporate.chili.com\/it\/wp-content\/uploads\/sites\/2\/2023\/10\/Immagine_1920x1080_XIAOMI-1100x619.jpg 1100w, https:\/\/corporate.chili.com\/it\/wp-content\/uploads\/sites\/2\/2023\/10\/Immagine_1920x1080_XIAOMI-300x169.jpg 300w, https:\/\/corporate.chili.com\/it\/wp-content\/uploads\/sites\/2\/2023\/10\/Immagine_1920x1080_XIAOMI-1024x576.jpg 1024w, https:\/\/corporate.chili.com\/it\/wp-content\/uploads\/sites\/2\/2023\/10\/Immagine_1920x1080_XIAOMI-2200x1238.jpg 2200w\" sizes=\"(max-width: 1100px) 100vw, 1100px\" \/><\/a><\/div> \n                            <h2 class=\"blog-entry-title entry-title\">\n                <a class=\"news-title\" href=\"https:\/\/corporate.chili.com\/it\/newsroom\/xiaomi-tv-chili-fast-channel-gratis\/\" rel=\"bookmark\">Xiaomi TV+ arricchisce l&#8217;esperienza di intrattenimento con i canali CHILI<\/a>\n              <\/h2>\n              <div class=\"blog-entry-continue\">\n                <a href=\"https:\/\/corporate.chili.com\/it\/newsroom\/xiaomi-tv-chili-fast-channel-gratis\/\">Leggi tutto \u2192<\/a>\n              <\/div>\n             <\/div>\n           <\/div>\n         <\/article>\n                <article id=\"post-19871\" class=\"post-19871 post format-standard hentry layout-grid press-row-4\">\n           <div class=\"article-content-col\">\n             <div class=\"content\">\n                            <div class=\"nv-post-thumbnail-wrap\"><a href=\"https:\/\/corporate.chili.com\/it\/newsroom\/plex\/\" rel=\"bookmark\" title=\"CHILI E PLEX INSIEME CON UNA PARTNERSHIP ALL&#8217;INSEGNA DELL&#8217;INTRATTENIMENTO\"><img width=\"1100\" height=\"619\" src=\"https:\/\/corporate.chili.com\/it\/wp-content\/uploads\/sites\/2\/2023\/09\/Immagine_1920x1080_PLEX-1100x619.jpg\" class=\"attachment-news size-news wp-post-image\" alt=\"Plex-Chili-FAST-CHANNEL\" loading=\"lazy\" srcset=\"https:\/\/corporate.chili.com\/it\/wp-content\/uploads\/sites\/2\/2023\/09\/Immagine_1920x1080_PLEX-1100x619.jpg 1100w, https:\/\/corporate.chili.com\/it\/wp-content\/uploads\/sites\/2\/2023\/09\/Immagine_1920x1080_PLEX-300x169.jpg 300w, https:\/\/corporate.chili.com\/it\/wp-content\/uploads\/sites\/2\/2023\/09\/Immagine_1920x1080_PLEX-1024x576.jpg 1024w, https:\/\/corporate.chili.com\/it\/wp-content\/uploads\/sites\/2\/2023\/09\/Immagine_1920x1080_PLEX-2200x1238.jpg 2200w\" sizes=\"(max-width: 1100px) 100vw, 1100px\" \/><\/a><\/div> \n                            <h2 class=\"blog-entry-title entry-title\">\n                <a class=\"news-title\" href=\"https:\/\/corporate.chili.com\/it\/newsroom\/plex\/\" rel=\"bookmark\">CHILI E PLEX INSIEME CON UNA PARTNERSHIP ALL&#8217;INSEGNA DELL&#8217;INTRATTENIMENTO<\/a>\n              <\/h2>\n              <div class=\"blog-entry-continue\">\n                <a href=\"https:\/\/corporate.chili.com\/it\/newsroom\/plex\/\">Leggi tutto \u2192<\/a>\n              <\/div>\n             <\/div>\n           <\/div>\n         <\/article>\n                <article id=\"post-19746\" class=\"post-19746 post format-standard hentry layout-grid press-row-4\">\n           <div class=\"article-content-col\">\n             <div class=\"content\">\n                            <div class=\"nv-post-thumbnail-wrap\"><a href=\"https:\/\/corporate.chili.com\/it\/newsroom\/mindemic-opera-zero-streaming-chili-giovanni-basso-giorgio-colangeli\/\" rel=\"bookmark\" title=\"Mindemic (Opera Zero)\"><img width=\"1100\" height=\"619\" src=\"https:\/\/corporate.chili.com\/it\/wp-content\/uploads\/sites\/2\/2023\/08\/MINDEMIC_LOCANDINAORIZZONTALE_3840x2160-1100x619.jpg\" class=\"attachment-news size-news wp-post-image\" alt=\"Mindemic (Opera Zero)\" loading=\"lazy\" srcset=\"https:\/\/corporate.chili.com\/it\/wp-content\/uploads\/sites\/2\/2023\/08\/MINDEMIC_LOCANDINAORIZZONTALE_3840x2160-1100x619.jpg 1100w, https:\/\/corporate.chili.com\/it\/wp-content\/uploads\/sites\/2\/2023\/08\/MINDEMIC_LOCANDINAORIZZONTALE_3840x2160-300x169.jpg 300w, https:\/\/corporate.chili.com\/it\/wp-content\/uploads\/sites\/2\/2023\/08\/MINDEMIC_LOCANDINAORIZZONTALE_3840x2160-1024x576.jpg 1024w, https:\/\/corporate.chili.com\/it\/wp-content\/uploads\/sites\/2\/2023\/08\/MINDEMIC_LOCANDINAORIZZONTALE_3840x2160-2200x1238.jpg 2200w\" sizes=\"(max-width: 1100px) 100vw, 1100px\" \/><\/a><\/div> \n                            <h2 class=\"blog-entry-title entry-title\">\n                <a class=\"news-title\" href=\"https:\/\/corporate.chili.com\/it\/newsroom\/mindemic-opera-zero-streaming-chili-giovanni-basso-giorgio-colangeli\/\" rel=\"bookmark\">Mindemic (Opera Zero)<\/a>\n              <\/h2>\n              <div class=\"blog-entry-continue\">\n                <a href=\"https:\/\/corporate.chili.com\/it\/newsroom\/mindemic-opera-zero-streaming-chili-giovanni-basso-giorgio-colangeli\/\">Leggi tutto \u2192<\/a>\n              <\/div>\n             <\/div>\n           <\/div>\n         <\/article>\n        <\/div><\/div><script type='module'>\n          document.addEventListener('DOMContentLoaded', () => {\n            var slider = tns({\n              container: '.posts-slider-2102701141',\n              items: 1.3,\n              slideBy: 'page',\n              preventScrollOnTouch: 'auto',\n              swipeAngle: 50,\n              mouseDrag: true,\n              nav: false,\n              controls: false,\n              speed: 400,\n              responsive: {\n                900: {\n                  disable: true\n                }\n              }\n            });\n          });\n        <\/script>\n\n\n<div style=\"height:1rem\" aria-hidden=\"true\" class=\"wp-block-spacer\"><\/div>\n\n\n\n<div class=\"wp-container-1 is-content-justification-center wp-block-buttons\">\n<div class=\"wp-block-button is-style-primary\"><a class=\"wp-block-button__link\" href=\"https:\/\/corporate.chili.com\/it\/newsroom\/\">Entra nella Newsroom \u2192<\/a><\/div>\n<\/div>\n<\/div><\/div>\n<\/div>\n<\/div><\/div>\n","protected":false},"excerpt":{"rendered":"<p>IL GRUPPO CHILI Con oltre 5 milioni di utenti, il GRUPPO CHILI si posiziona tra le principali realt\u00e0 in ambito media e intrattenimento in Europa. Il Gruppo si compone di 5 divisioni specializzate nella gestione di progetti B2C e B2B: dallo streaming video alla realizzazione di piattaforme OTT, dalla gestione di attivit\u00e0 promozionali alla strategia&hellip;&nbsp;<a href=\"https:\/\/corporate.chili.com\/it\/\" class=\"\" rel=\"bookmark\">Leggi tutto &raquo;<span class=\"screen-reader-text\">Home<\/span><\/a><\/p>\n","protected":false},"author":1,"featured_media":562,"parent":0,"menu_order":0,"comment_status":"closed","ping_status":"closed","template":"","meta":{"inline_featured_image":false,"neve_meta_sidebar":"default","neve_meta_container":"default","neve_meta_enable_content_width":"on","neve_meta_content_width":100,"neve_meta_title_alignment":"","neve_meta_author_avatar":"","neve_post_elements_order":"","neve_meta_disable_header":"","neve_meta_disable_footer":"","neve_meta_disable_title":"on","neve_meta_reading_time":"","_themeisle_gutenberg_block_has_review":false},"acf":[],"_links":{"self":[{"href":"https:\/\/corporate.chili.com\/it\/wp-json\/wp\/v2\/pages\/308"}],"collection":[{"href":"https:\/\/corporate.chili.com\/it\/wp-json\/wp\/v2\/pages"}],"about":[{"href":"https:\/\/corporate.chili.com\/it\/wp-json\/wp\/v2\/types\/page"}],"author":[{"embeddable":true,"href":"https:\/\/corporate.chili.com\/it\/wp-json\/wp\/v2\/users\/1"}],"replies":[{"embeddable":true,"href":"https:\/\/corporate.chili.com\/it\/wp-json\/wp\/v2\/comments?post=308"}],"version-history":[{"count":343,"href":"https:\/\/corporate.chili.com\/it\/wp-json\/wp\/v2\/pages\/308\/revisions"}],"predecessor-version":[{"id":19943,"href":"https:\/\/corporate.chili.com\/it\/wp-json\/wp\/v2\/pages\/308\/revisions\/19943"}],"wp:featuredmedia":[{"embeddable":true,"href":"https:\/\/corporate.chili.com\/it\/wp-json\/wp\/v2\/media\/562"}],"wp:attachment":[{"href":"https:\/\/corporate.chili.com\/it\/wp-json\/wp\/v2\/media?parent=308"}],"curies":[{"name":"wp","href":"https:\/\/api.w.org\/{rel}","templated":true}]}}